{"id":96,"date":"2010-06-20T23:46:27","date_gmt":"2010-06-20T23:46:27","guid":{"rendered":"http:\/\/www.site-graphics.de\/logo\/?page_id=96"},"modified":"2026-04-24T14:23:03","modified_gmt":"2026-04-24T12:23:03","slug":"praxis","status":"publish","type":"page","link":"https:\/\/www.xn--logopdie-michael-znb.de\/index.php\/praxis\/","title":{"rendered":"\u00dcber mich"},"content":{"rendered":"<hr \/>\n<h3><span style=\"color: #0086ad;\"><br \/>\nVITA<\/span><\/h3>\n<p><strong>Annett Michael, staatlich anerkannte Logop\u00e4din, seit dem 01.07.2010 in eigener Praxis t\u00e4tig\u00a0<\/strong><\/p>\n<p><strong>Fortbildungen:<\/strong><\/p>\n<p>2009 Gordon-Training bei Dr. Romy Beck<\/p>\n<p>2009 Gesangslehrer und Phoniater &#8211; zwei die sich m\u00f6gen? bei Professor Berthold Schmid<\/p>\n<p><strong>2010<\/strong> <strong>Trachealkan\u00fclenmanagement, &#8222;Der professionelle Umgang mit tracheotomierten Patienten &#8211; von der Diagnostik bis zur Dekan\u00fclierung&#8220;, Das Dysphagiezentrum bei Mirko Hiller<\/strong><\/p>\n<p>2011 Legasthenie- Auditive Wahrnehmung bei Hermine Bertram<\/p>\n<p>2012 Sprechapraxie &#8222;TAKTKIN&#8220;, Beate Birner-Janusch<\/p>\n<p><strong>2013<\/strong> <strong>Pflegefachkraft Tracheostoma, Mamedis bei Frank Leicht<\/strong><\/p>\n<p>2013\/ 2014 &#8222;Peter Hess-Klangmassage&#8220; Module I, II, III &amp; IV bei Kerstin W\u00f6hlbier<\/p>\n<p>2015\/ 2016 &#8222;Padovan-Methode&#8220; , Neurofunktionelle Reorganisation,<\/p>\n<p>Modul I &#8211; K\u00f6rpersequenz und K\u00f6rper\u00fcbungen bei Nicole Abad-Bender<\/p>\n<p><strong>Modul II &#8211; Orofaziale Funktionen und Reflektorisch-vegetative Mundfunktionen bei Ana Alvarez\u00a0 \u00a0 \u00a0 \u00a0 \u00a0 \u00a0 \u00a0 \u00a0 \u00a0 Lapena und Nicole Abad-Bender\u00a0<\/strong><\/p>\n<p><strong>Modul III &#8211; Okklusion, Sprech- und Sprachst\u00f6rungen bei Dr. Viviane Kuperszmidt Gurfinkel<\/strong><\/p>\n<p><strong>Modul IV &#8211; Neurologie, Sinneswahrnehmung, Hirnnervenpaare und Anwendung bei Dr. Sonia\u00a0 \u00a0 \u00a0 \u00a0 \u00a0 \u00a0 \u00a0 \u00a0 \u00a0 \u00a0 \u00a0 \u00a0 \u00a0 Padovan-Catenne, \u00c4rztin f\u00fcr Neurologie<\/strong><\/p>\n<p>2016 &#8222;KonLab&#8220; \/ Dysgrammatismus Harriet Dohrs<\/p>\n<p>2017 &#8222;Padovan-Methode&#8220;, Neurofunktionelle Reorganisation, Modul V &#8211; Lese-Rechtschreibst\u00f6rungen, tiefgreifende Entwicklungsst\u00f6rungen, Aufmerksamkeits- (Hyperaktivit\u00e4ts)-Defizit-Syndrom Dyspraxie, Dysgraphie, Dyskalkulie bei Dr. Sonia Padovan-Catenne, \u00c4rztin<\/p>\n<p><strong>2016\/17 &#8222;Sanjo&#8220; &#8211; Konduktive K\u00f6rpertherapie, Modul 1-3, bei Holger David<\/strong><\/p>\n<p>2017 &#8222;Integrale Stimmtherapie&#8220; bei Sabine Gross-Jan\u00dfen<\/p>\n<p>2018 &#8222;Fr\u00fche Sprachtherapie nach Dr. Barbara Zollinger&#8220; bei Claudia D\u00fcrm\u00fcller<\/p>\n<p>2018 Die Verbale Entwicklungsdyspraxie und &#8222;KoArt&#8220; bei Ulrike Becker-Redding<\/p>\n<p><strong>2018 Neue Ans\u00e4tze in der Stimmtherapie- die &#8222;Feldenkrais-Methode&#8220; bei Hilka Markert<\/strong><\/p>\n<p><strong>2019 &#8222;SZET Therapie&#8220; , Schlucken und Zungenruhelage effizient therapieren bei Steffi Kuhrt<\/strong><\/p>\n<p>2019-2022 Aufbau einer Sprachheil-Reha f\u00fcr Kinder auf der Insel Usedom<\/p>\n<p><strong>02\/2023 &#8222;FEES- fiberendoskopische Schluckuntersuchung&#8220; \/ Praxiskurs bei DAS DYSPHAGIEZENTRUM- Mirko Hiller<\/strong><\/p>\n<p><strong>02\/2023 Basiskurs Dysphagie bei DAS DYSPHAGIEZENTRUM Mirko Hiller<\/strong><\/p>\n<p><strong>05\/2023 Zertifizierte Expertin Trachealkan\u00fclenmanagement bei DAS DYSPHAGIEZENTRUM-Mirko Hiller<\/strong><\/p>\n<p><strong>05\/ 2023 Abschluss zum Fachtherapeuten Dysphagie und Zertifizierte Expertin ZEREX-TK\/DYS bei DAS DYSPHAGIEZENTRUM Mirko Hiller<\/strong><\/p>\n<p><strong>06\/2023 FEES-Basis-Zertifikats-Kurs im Klinikum Osnabr\u00fcck bei Prof. Dr. Rainer Dziewas<\/strong><\/p>\n<p>11\/2023 FEES Praxispr\u00fcfung inkl. Zertifikatsausstellung durch die DGN (Deutsche Gesellschaft f\u00fcr Neurologie) durch Lena von Zezschwitz<\/p>\n<p><strong>Seit 08\/2023: Fiberendoskopischer Schluckuntersuchungen (FEES) mit Schluckman\u00f6ver &amp; Koststufenanpassung<br \/>\n<\/strong><\/p>\n<p>03\/2024 S\u00e4uglinge und Kleinkinder mit Trachealkan\u00fcle und Beatmung bei Nicolin B\u00e4hre<\/p>\n<p>02\/2025 TOLS bei VED bei Isolde Wurzer<\/p>\n<p>02\/2026 Der Logosaurus, Restreaaktionen fr\u00fchkindlicher Bewegungsmuster in der Therapie bei Lisa Brandl-Sommerfeld<\/p>\n","protected":false},"excerpt":{"rendered":"<p>VITA Annett Michael, staatlich anerkannte Logop\u00e4din, seit dem 01.07.2010 in eigener Praxis t\u00e4tig\u00a0 Fortbildungen: 2009 Gordon-Training bei Dr. Romy Beck 2009 Gesangslehrer [&hellip;]<\/p>\n","protected":false},"author":4,"featured_media":159,"parent":0,"menu_order":1,"comment_status":"closed","ping_status":"closed","template":"","meta":{"footnotes":""},"class_list":["post-96","page","type-page","status-publish","has-post-thumbnail","hentry"],"_links":{"self":[{"href":"https:\/\/www.xn--logopdie-michael-znb.de\/index.php\/wp-json\/wp\/v2\/pages\/96","targetHints":{"allow":["GET"]}}],"collection":[{"href":"https:\/\/www.xn--logopdie-michael-znb.de\/index.php\/wp-json\/wp\/v2\/pages"}],"about":[{"href":"https:\/\/www.xn--logopdie-michael-znb.de\/index.php\/wp-json\/wp\/v2\/types\/page"}],"author":[{"embeddable":true,"href":"https:\/\/www.xn--logopdie-michael-znb.de\/index.php\/wp-json\/wp\/v2\/users\/4"}],"replies":[{"embeddable":true,"href":"https:\/\/www.xn--logopdie-michael-znb.de\/index.php\/wp-json\/wp\/v2\/comments?post=96"}],"version-history":[{"count":95,"href":"https:\/\/www.xn--logopdie-michael-znb.de\/index.php\/wp-json\/wp\/v2\/pages\/96\/revisions"}],"predecessor-version":[{"id":1905,"href":"https:\/\/www.xn--logopdie-michael-znb.de\/index.php\/wp-json\/wp\/v2\/pages\/96\/revisions\/1905"}],"wp:featuredmedia":[{"embeddable":true,"href":"https:\/\/www.xn--logopdie-michael-znb.de\/index.php\/wp-json\/wp\/v2\/media\/159"}],"wp:attachment":[{"href":"https:\/\/www.xn--logopdie-michael-znb.de\/index.php\/wp-json\/wp\/v2\/media?parent=96"}],"curies":[{"name":"wp","href":"https:\/\/api.w.org\/{rel}","templated":true}]}}