{"id":725,"date":"2012-10-07T16:48:45","date_gmt":"2012-10-07T14:48:45","guid":{"rendered":"http:\/\/www.xn--logopdie-michael-znb.de\/?page_id=725"},"modified":"2026-04-24T14:07:52","modified_gmt":"2026-04-24T12:07:52","slug":"willkommen","status":"publish","type":"page","link":"https:\/\/www.xn--logopdie-michael-znb.de\/","title":{"rendered":"Willkommen in der Fachpraxis f\u00fcr Logop\u00e4die Annett Michael"},"content":{"rendered":"\n<figure class=\"wp-block-image size-full\"><img loading=\"lazy\" decoding=\"async\" width=\"900\" height=\"124\" src=\"http:\/\/www.xn--logopdie-michael-znb.de\/wp-content\/uploads\/header5.jpg\" alt=\"\" class=\"wp-image-159\" srcset=\"https:\/\/www.xn--logopdie-michael-znb.de\/wp-content\/uploads\/header5.jpg 900w, https:\/\/www.xn--logopdie-michael-znb.de\/wp-content\/uploads\/header5-300x41.jpg 300w\" sizes=\"auto, (max-width: 900px) 100vw, 900px\" \/><\/figure>\n\n\n\n<p>Mein Leistungsspektrum umfasst s\u00e4mtliche logop\u00e4dische Therapien in den Bereichen Stimm-, Sprach-, Sprech-und Schluckst\u00f6rungen in den Bereichen Kindersprache und Neurologie und f\u00fchre fiberendoskopische Schluckuntersuchungen (FEES) durch.<\/p>\n\n\n\n<p><\/p>\n\n\n<p>Seit dem 01. Juli 2010 bin ich als Logop\u00e4din im Bereich Oschersleben und Umgebung t\u00e4tig. Der Schwerpunkt meiner Praxis liegt in der Behandlung von Erwachsenen mit organischen und funktionellen St\u00f6rungen der Stimme oder des Schluckens sowie s\u00e4mtlicher funktioneller St\u00f6rungen des Mund- und Rachenraumes. Weiterhin biete ich, in Zusammenarbeit mit den behandelnden \u00c4rzten, mobile fiberendoskopische Schluckuntersuchungen (FEES) an. Diese sind auch f\u00fcr Patienten anderer logop\u00e4discher Praxen zug\u00e4nglich und ich freue mich, auch im Sinne unserer Patienten, \u00fcber eine Vernetzung im Bereich der Dysphagie in unserer Region. Aber auch der Bereich der Kindertherapie wird in meiner Praxis abgedeckt.&nbsp;<\/p>\n<\/p>\n\n\n<figure class=\"wp-block-image size-full\"><img loading=\"lazy\" decoding=\"async\" width=\"900\" height=\"300\" src=\"http:\/\/www.xn--logopdie-michael-znb.de\/wp-content\/uploads\/kleine_schritte_slider.jpg\" alt=\"kleine_schritte_slider\" class=\"wp-image-404\" srcset=\"https:\/\/www.xn--logopdie-michael-znb.de\/wp-content\/uploads\/kleine_schritte_slider.jpg 900w, https:\/\/www.xn--logopdie-michael-znb.de\/wp-content\/uploads\/kleine_schritte_slider-300x100.jpg 300w\" sizes=\"auto, (max-width: 900px) 100vw, 900px\" \/><\/figure>\n","protected":false},"excerpt":{"rendered":"<p>Mein Leistungsspektrum umfasst s\u00e4mtliche logop\u00e4dische Therapien in den Bereichen Stimm-, Sprach-, Sprech-und Schluckst\u00f6rungen in den Bereichen Kindersprache und Neurologie und f\u00fchre fiberendoskopische [&hellip;]<\/p>\n","protected":false},"author":4,"featured_media":0,"parent":0,"menu_order":0,"comment_status":"open","ping_status":"open","template":"","meta":{"footnotes":""},"class_list":["post-725","page","type-page","status-publish","hentry"],"_links":{"self":[{"href":"https:\/\/www.xn--logopdie-michael-znb.de\/index.php\/wp-json\/wp\/v2\/pages\/725","targetHints":{"allow":["GET"]}}],"collection":[{"href":"https:\/\/www.xn--logopdie-michael-znb.de\/index.php\/wp-json\/wp\/v2\/pages"}],"about":[{"href":"https:\/\/www.xn--logopdie-michael-znb.de\/index.php\/wp-json\/wp\/v2\/types\/page"}],"author":[{"embeddable":true,"href":"https:\/\/www.xn--logopdie-michael-znb.de\/index.php\/wp-json\/wp\/v2\/users\/4"}],"replies":[{"embeddable":true,"href":"https:\/\/www.xn--logopdie-michael-znb.de\/index.php\/wp-json\/wp\/v2\/comments?post=725"}],"version-history":[{"count":52,"href":"https:\/\/www.xn--logopdie-michael-znb.de\/index.php\/wp-json\/wp\/v2\/pages\/725\/revisions"}],"predecessor-version":[{"id":1903,"href":"https:\/\/www.xn--logopdie-michael-znb.de\/index.php\/wp-json\/wp\/v2\/pages\/725\/revisions\/1903"}],"wp:attachment":[{"href":"https:\/\/www.xn--logopdie-michael-znb.de\/index.php\/wp-json\/wp\/v2\/media?parent=725"}],"curies":[{"name":"wp","href":"https:\/\/api.w.org\/{rel}","templated":true}]}}