{"id":4,"date":"2010-06-19T18:52:51","date_gmt":"2010-06-19T18:52:51","guid":{"rendered":"http:\/\/www.site-graphics.de\/logo\/?page_id=4"},"modified":"2026-04-24T14:09:26","modified_gmt":"2026-04-24T12:09:26","slug":"kontakt","status":"publish","type":"page","link":"https:\/\/www.xn--logopdie-michael-znb.de\/index.php\/kontakt\/","title":{"rendered":"Kontakt"},"content":{"rendered":"\n<hr class=\"wp-block-separator has-alpha-channel-opacity\"\/>\n\n\n\n<h3 class=\"wp-block-heading\"><span style=\"color: #0086ad;\"><br>So erreichen Sie mich:<\/span><\/h3>\n\n\n\n<figure class=\"wp-block-image size-full\"><img loading=\"lazy\" decoding=\"async\" width=\"670\" height=\"210\" src=\"http:\/\/www.xn--logopdie-michael-znb.de\/wp-content\/uploads\/Kontakt_670x250.jpg\" alt=\"Kontaktanfrage Praxis f\u00fcr Logop\u00e4die\" class=\"wp-image-1245\" srcset=\"https:\/\/www.xn--logopdie-michael-znb.de\/wp-content\/uploads\/Kontakt_670x250.jpg 670w, https:\/\/www.xn--logopdie-michael-znb.de\/wp-content\/uploads\/Kontakt_670x250-300x94.jpg 300w, https:\/\/www.xn--logopdie-michael-znb.de\/wp-content\/uploads\/Kontakt_670x250-669x210.jpg 669w\" sizes=\"auto, (max-width: 670px) 100vw, 670px\" \/><\/figure>\n\n\n\n<h4 class=\"wp-block-heading\">Die Terminvergabe erfolgt telefonisch. Falls Sie mich nicht erreichen sollten, dann sprechen Sie bitte auf den Anrufbeantworter oder schicken Sie mir eine WhatsApp. Ich rufe Sie dann zeitnah zur\u00fcck.<\/h4>\n\n\n\n<h4 class=\"wp-block-heading\"><span style=\"color: #993366;\"><strong>Tel: 03949-5130628 Mobil: 0151-20290129&nbsp;<\/strong><\/span><\/h4>\n\n\n\n<p>&nbsp;<\/p>\n\n\n\n<hr class=\"wp-block-separator has-alpha-channel-opacity\"\/>\n\n\n\n<h3 class=\"wp-block-heading\"><span style=\"color: #0086ad;\">So finden Sie mich&nbsp;<\/span><\/h3>\n\n\n\n<p>Hier finden Sie die Informationen, die Sie brauchen, um den Weg zu mir zu finden. Um Ihnen den Weg m\u00f6glichst einfach zu machen, haben ich f\u00fcr Sie den Routenplaner bereitgestellt. Die Route l\u00e4sst sich f\u00fcr Fu\u00dfg\u00e4nger oder Autos berechnen. Parkpl\u00e4tze sind direkt vor der Praxis vorhanden. Die Praxis befindet sich direkt im ehemaligen Sparkassengeb\u00e4ude in der Wasserrenne.<\/p>\n\n\n\n<ul class=\"wp-block-list\">\n<li>Telefon: 03949-5130628<\/li>\n\n\n\n<li>Mobil: 0151-20290129<\/li>\n\n\n\n<li>logopaedie.michael@web.de<\/li>\n\n\n\n<li>Annett Michael, Logop\u00e4din<\/li>\n\n\n\n<li>\u00c4rztehaus Oschersleben<\/li>\n\n\n\n<li>Hackelberg 4-5, 3. Etage<\/li>\n\n\n\n<li>39387 Oschersleben<\/li>\n<\/ul>\n","protected":false},"excerpt":{"rendered":"<p>So erreichen Sie mich: Die Terminvergabe erfolgt telefonisch. Falls Sie mich nicht erreichen sollten, dann sprechen Sie bitte auf den Anrufbeantworter oder [&hellip;]<\/p>\n","protected":false},"author":4,"featured_media":1245,"parent":0,"menu_order":3,"comment_status":"closed","ping_status":"closed","template":"","meta":{"footnotes":""},"class_list":["post-4","page","type-page","status-publish","has-post-thumbnail","hentry"],"_links":{"self":[{"href":"https:\/\/www.xn--logopdie-michael-znb.de\/index.php\/wp-json\/wp\/v2\/pages\/4","targetHints":{"allow":["GET"]}}],"collection":[{"href":"https:\/\/www.xn--logopdie-michael-znb.de\/index.php\/wp-json\/wp\/v2\/pages"}],"about":[{"href":"https:\/\/www.xn--logopdie-michael-znb.de\/index.php\/wp-json\/wp\/v2\/types\/page"}],"author":[{"embeddable":true,"href":"https:\/\/www.xn--logopdie-michael-znb.de\/index.php\/wp-json\/wp\/v2\/users\/4"}],"replies":[{"embeddable":true,"href":"https:\/\/www.xn--logopdie-michael-znb.de\/index.php\/wp-json\/wp\/v2\/comments?post=4"}],"version-history":[{"count":57,"href":"https:\/\/www.xn--logopdie-michael-znb.de\/index.php\/wp-json\/wp\/v2\/pages\/4\/revisions"}],"predecessor-version":[{"id":1904,"href":"https:\/\/www.xn--logopdie-michael-znb.de\/index.php\/wp-json\/wp\/v2\/pages\/4\/revisions\/1904"}],"wp:featuredmedia":[{"embeddable":true,"href":"https:\/\/www.xn--logopdie-michael-znb.de\/index.php\/wp-json\/wp\/v2\/media\/1245"}],"wp:attachment":[{"href":"https:\/\/www.xn--logopdie-michael-znb.de\/index.php\/wp-json\/wp\/v2\/media?parent=4"}],"curies":[{"name":"wp","href":"https:\/\/api.w.org\/{rel}","templated":true}]}}