{"id":22,"date":"2010-06-20T12:53:26","date_gmt":"2010-06-20T12:53:26","guid":{"rendered":"http:\/\/www.site-graphics.de\/logo\/?page_id=22"},"modified":"2025-07-27T10:56:32","modified_gmt":"2025-07-27T08:56:32","slug":"therapieangebot","status":"publish","type":"page","link":"https:\/\/www.xn--logopdie-michael-znb.de\/index.php\/therapieangebot\/","title":{"rendered":"Therapieangebot"},"content":{"rendered":"\n<hr class=\"wp-block-separator has-alpha-channel-opacity\"\/>\n\n\n\n<h3 class=\"wp-block-heading\"><strong><br><\/strong><span style=\"color: #0086ad;\">Schwerpunkte <\/span><span style=\"color: #0086ad;\">:<\/span><\/h3>\n\n\n\n<figure class=\"wp-block-image size-full\"><img loading=\"lazy\" decoding=\"async\" width=\"900\" height=\"300\" src=\"http:\/\/www.xn--logopdie-michael-znb.de\/wp-content\/uploads\/kleine_schritte_slider.jpg\" alt=\"kleine_schritte_slider\" class=\"wp-image-404\" srcset=\"https:\/\/www.xn--logopdie-michael-znb.de\/wp-content\/uploads\/kleine_schritte_slider.jpg 900w, https:\/\/www.xn--logopdie-michael-znb.de\/wp-content\/uploads\/kleine_schritte_slider-300x100.jpg 300w\" sizes=\"auto, (max-width: 900px) 100vw, 900px\" \/><\/figure>\n\n\n\n<ul class=\"wp-block-list\">\n<li>Erworbene Sprach-, Sprech-, Stimm- und Schluckst\u00f6rungen im Erwachsenenalter (aufgrund funktioneller, neurologischer, degenerativer und onkologischer Erkrankungen sowie Funktionsverlust)<\/li>\n\n\n\n<li>St\u00f6rungen der Mundmotorik und Korrektur des Schluckens in Verbindung mit kieferorthop\u00e4dischen Ma\u00dfnahmen ab dem 9. Lebensjahr<\/li>\n\n\n\n<li>Erarbeitung von Ersatzstimmen nach Kehlkopfentfernung<\/li>\n\n\n\n<li>Trachealkan\u00fclenmanagement aller Altersstufen<\/li>\n\n\n\n<li>Schluckuntersuchungen mittels endoskopischer Untersuchung &#8222;FEES&#8220; <\/li>\n\n\n\n<li>Kindersprachtherapien bei Aussprache- und H\u00f6rverarbeitungsst\u00f6rungen, Wortschatzdefiziten, Einschr\u00e4nkungen im Sprachverst\u00e4ndnis und der Grammatik<\/li>\n\n\n\n<li>Unterst\u00fctzung bei Lese-Rechtschreib-Schwierigkeiten und beim Aufbau der Phonologischen Bewusstheit<\/li>\n<\/ul>\n","protected":false},"excerpt":{"rendered":"<p>Schwerpunkte :<\/p>\n","protected":false},"author":4,"featured_media":68,"parent":0,"menu_order":2,"comment_status":"closed","ping_status":"open","template":"","meta":{"footnotes":""},"class_list":["post-22","page","type-page","status-publish","has-post-thumbnail","hentry"],"_links":{"self":[{"href":"https:\/\/www.xn--logopdie-michael-znb.de\/index.php\/wp-json\/wp\/v2\/pages\/22","targetHints":{"allow":["GET"]}}],"collection":[{"href":"https:\/\/www.xn--logopdie-michael-znb.de\/index.php\/wp-json\/wp\/v2\/pages"}],"about":[{"href":"https:\/\/www.xn--logopdie-michael-znb.de\/index.php\/wp-json\/wp\/v2\/types\/page"}],"author":[{"embeddable":true,"href":"https:\/\/www.xn--logopdie-michael-znb.de\/index.php\/wp-json\/wp\/v2\/users\/4"}],"replies":[{"embeddable":true,"href":"https:\/\/www.xn--logopdie-michael-znb.de\/index.php\/wp-json\/wp\/v2\/comments?post=22"}],"version-history":[{"count":82,"href":"https:\/\/www.xn--logopdie-michael-znb.de\/index.php\/wp-json\/wp\/v2\/pages\/22\/revisions"}],"predecessor-version":[{"id":1887,"href":"https:\/\/www.xn--logopdie-michael-znb.de\/index.php\/wp-json\/wp\/v2\/pages\/22\/revisions\/1887"}],"wp:featuredmedia":[{"embeddable":true,"href":"https:\/\/www.xn--logopdie-michael-znb.de\/index.php\/wp-json\/wp\/v2\/media\/68"}],"wp:attachment":[{"href":"https:\/\/www.xn--logopdie-michael-znb.de\/index.php\/wp-json\/wp\/v2\/media?parent=22"}],"curies":[{"name":"wp","href":"https:\/\/api.w.org\/{rel}","templated":true}]}}